{"id":87,"date":"2018-10-11T10:15:17","date_gmt":"2018-10-11T10:15:17","guid":{"rendered":"http:\/\/www.kinderschloss-st-martin.de\/?page_id=87"},"modified":"2024-05-28T09:22:03","modified_gmt":"2024-05-28T09:22:03","slug":"gruess-gott","status":"publish","type":"page","link":"https:\/\/www.kinderschloss-st-martin.de\/?page_id=87","title":{"rendered":"Kita-Verbund"},"content":{"rendered":"<p style=\"text-align: center;\"><span style=\"font-size: 14pt; font-family: comic sans ms,sans-serif; color: #0000ff;\">Unser Kath. Kinderschloss St. Martin geh\u00f6rt dem Kath. Kindertagesst\u00e4ttenverbund Schlierach-Leitzachtal an. <\/span><\/p>\n<p style=\"text-align: center;\"><span style=\"font-size: 14pt; font-family: comic sans ms,sans-serif; color: #0000ff;\">Au\u00dferdem geh\u00f6ren noch f\u00fcnf weiter Kinderg\u00e4rten dazu:<\/span><\/p>\n<ul style=\"list-style-type: circle;\">\n<li style=\"text-align: center;\"><span style=\"color: #0000ff; font-family: comic sans ms,sans-serif;\">Kath. Kindergarten St. Margareth in Bayrischzell<\/span><\/li>\n<li style=\"text-align: center;\"><span style=\"color: #0000ff; font-family: 'comic sans ms', sans-serif;\">Kath. Kindergarten St. Josef in Neuhaus<\/span><\/li>\n<li style=\"text-align: center;\"><span style=\"color: #0000ff; font-family: comic sans ms,sans-serif;\">Kath. Integrationskinderhaus Ich und Du in Agatharied<\/span><\/li>\n<li style=\"text-align: center;\"><span style=\"color: #0000ff; font-family: comic sans ms,sans-serif;\">Kath. Pfarrkindergarten in Miesbach<\/span><\/li>\n<li style=\"text-align: center;\"><span style=\"color: #0000ff; font-family: comic sans ms,sans-serif;\">Kath. Kindergarten St. Laurentius in Parsberg<\/span><\/li>\n<\/ul>\n","protected":false},"excerpt":{"rendered":"<p>Unser Kath. Kinderschloss St. Martin geh\u00f6rt dem Kath. Kindertagesst\u00e4ttenverbund Schlierach-Leitzachtal an. Au\u00dferdem geh\u00f6ren noch f\u00fcnf weiter Kinderg\u00e4rten dazu: Kath. Kindergarten St. Margareth in Bayrischzell Kath. Kindergarten St. Josef in Neuhaus Kath. Integrationskinderhaus Ich und Du in Agatharied Kath. Pfarrkindergarten in Miesbach Kath. Kindergarten St. Laurentius in Parsberg<\/p>\n","protected":false},"author":1,"featured_media":0,"parent":0,"menu_order":6,"comment_status":"closed","ping_status":"closed","template":"","meta":[],"_links":{"self":[{"href":"https:\/\/www.kinderschloss-st-martin.de\/index.php?rest_route=\/wp\/v2\/pages\/87"}],"collection":[{"href":"https:\/\/www.kinderschloss-st-martin.de\/index.php?rest_route=\/wp\/v2\/pages"}],"about":[{"href":"https:\/\/www.kinderschloss-st-martin.de\/index.php?rest_route=\/wp\/v2\/types\/page"}],"author":[{"embeddable":true,"href":"https:\/\/www.kinderschloss-st-martin.de\/index.php?rest_route=\/wp\/v2\/users\/1"}],"replies":[{"embeddable":true,"href":"https:\/\/www.kinderschloss-st-martin.de\/index.php?rest_route=%2Fwp%2Fv2%2Fcomments&post=87"}],"version-history":[{"count":12,"href":"https:\/\/www.kinderschloss-st-martin.de\/index.php?rest_route=\/wp\/v2\/pages\/87\/revisions"}],"predecessor-version":[{"id":575,"href":"https:\/\/www.kinderschloss-st-martin.de\/index.php?rest_route=\/wp\/v2\/pages\/87\/revisions\/575"}],"wp:attachment":[{"href":"https:\/\/www.kinderschloss-st-martin.de\/index.php?rest_route=%2Fwp%2Fv2%2Fmedia&parent=87"}],"curies":[{"name":"wp","href":"https:\/\/api.w.org\/{rel}","templated":true}]}}