{"id":535,"date":"2023-03-07T12:28:49","date_gmt":"2023-03-07T12:28:49","guid":{"rendered":"http:\/\/www.kinderschloss-st-martin.de\/?page_id=535"},"modified":"2026-01-28T19:57:05","modified_gmt":"2026-01-28T19:57:05","slug":"anmeldung","status":"publish","type":"page","link":"https:\/\/www.kinderschloss-st-martin.de\/?page_id=535","title":{"rendered":"Anmeldung"},"content":{"rendered":"<p style=\"text-align: center;\"><span style=\"color: #0000ff;\"><strong><span style=\"text-decoration: underline;\"><span style=\"font-family: 'comic sans ms', sans-serif; font-size: 18pt;\">&#8222;Herein, herein&#8230; wir laden alle ein!&#8220;<\/span><\/span><\/strong><\/span><\/p>\n<p>&nbsp;<\/p>\n<p><span style=\"font-family: georgia, palatino, serif;\">Einmal im Jahr, meistens im M\u00e4rz, findet ein Tag der offenen T\u00fcr statt! An diesem Tag haben alle Interessierten die M\u00f6glichkeit, sich unsere Einrichtung anzusehen, das Personal kennenzulernen und mit uns ins Gespr\u00e4ch zu kommen!<\/span><\/p>\n<p>&nbsp;<\/p>\n<p style=\"text-align: center;\"><strong>In diesem Jahr findet der Tag der offenen T\u00fcr am Freitag, den 13.03.2026 von 14.30-17.00 Uhr statt! Falls Ihr an diesem Tag Zeit habt, k\u00f6nnt Ihr Euch unser Kinderschloss anschauen, Fragen kl\u00e4ren und vielleicht auch erste Kontakte kn\u00fcpfen!<\/strong><\/p>\n<p style=\"text-align: center;\"><strong>Wir freuen uns auf Euren Besuch!<\/strong><\/p>\n<p style=\"text-align: center;\">Es besteht die M\u00f6glichkeit, Ihr Kind bis zum 20.03.2026 anzumelden. Danach findet die Platzvergabe statt! Ende April werden Sie dann von uns, bzw. Little Bird, eine Nachricht erhalten.<\/p>\n<p style=\"text-align: center;\"><span style=\"font-family: georgia, palatino, serif;\">Und hier geht\u00b4s zum Anmeldung:<\/span><\/p>\n<p>&nbsp;<\/p>\n<p style=\"text-align: center;\"><a href=\"https:\/\/kinderbetreuung-landkreis-miesbach.little-bird.de\"><span style=\"font-family: georgia, palatino, serif;\"> https:\/\/kinderbetreuung-landkreis-miesbach.little-bird.de\u00a0<\/span><\/a><\/p>\n<p>&nbsp;<\/p>\n","protected":false},"excerpt":{"rendered":"<p>&#8222;Herein, herein&#8230; wir laden alle ein!&#8220; &nbsp; Einmal im Jahr, meistens im M\u00e4rz, findet ein Tag der offenen T\u00fcr statt! An diesem Tag haben alle Interessierten die M\u00f6glichkeit, sich unsere Einrichtung anzusehen, das Personal kennenzulernen und mit uns ins Gespr\u00e4ch zu kommen! &nbsp; In diesem Jahr findet der Tag der offenen T\u00fcr am Freitag, den [&hellip;]<\/p>\n","protected":false},"author":1,"featured_media":0,"parent":29,"menu_order":1,"comment_status":"closed","ping_status":"closed","template":"","meta":[],"_links":{"self":[{"href":"https:\/\/www.kinderschloss-st-martin.de\/index.php?rest_route=\/wp\/v2\/pages\/535"}],"collection":[{"href":"https:\/\/www.kinderschloss-st-martin.de\/index.php?rest_route=\/wp\/v2\/pages"}],"about":[{"href":"https:\/\/www.kinderschloss-st-martin.de\/index.php?rest_route=\/wp\/v2\/types\/page"}],"author":[{"embeddable":true,"href":"https:\/\/www.kinderschloss-st-martin.de\/index.php?rest_route=\/wp\/v2\/users\/1"}],"replies":[{"embeddable":true,"href":"https:\/\/www.kinderschloss-st-martin.de\/index.php?rest_route=%2Fwp%2Fv2%2Fcomments&post=535"}],"version-history":[{"count":19,"href":"https:\/\/www.kinderschloss-st-martin.de\/index.php?rest_route=\/wp\/v2\/pages\/535\/revisions"}],"predecessor-version":[{"id":626,"href":"https:\/\/www.kinderschloss-st-martin.de\/index.php?rest_route=\/wp\/v2\/pages\/535\/revisions\/626"}],"up":[{"embeddable":true,"href":"https:\/\/www.kinderschloss-st-martin.de\/index.php?rest_route=\/wp\/v2\/pages\/29"}],"wp:attachment":[{"href":"https:\/\/www.kinderschloss-st-martin.de\/index.php?rest_route=%2Fwp%2Fv2%2Fmedia&parent=535"}],"curies":[{"name":"wp","href":"https:\/\/api.w.org\/{rel}","templated":true}]}}