{"id":53,"date":"2018-10-11T08:29:24","date_gmt":"2018-10-11T08:29:24","guid":{"rendered":"http:\/\/www.kinderschloss-st-martin.de\/?page_id=53"},"modified":"2026-01-28T20:01:49","modified_gmt":"2026-01-28T20:01:49","slug":"des-san-mia-personal","status":"publish","type":"page","link":"https:\/\/www.kinderschloss-st-martin.de\/?page_id=53","title":{"rendered":"&#8230;des san mia! (Personal)"},"content":{"rendered":"<p style=\"text-align: center;\"><span style=\"text-decoration: underline; color: #0000ff; font-family: comic sans ms, sans-serif; font-size: 18pt;\"><img decoding=\"async\" loading=\"lazy\" class=\"alignnone wp-image-613 size-full\" src=\"http:\/\/www.kinderschloss-st-martin.de\/wp-content\/uploads\/2025\/11\/Team-25-scaled.jpg\" alt=\"\" width=\"2560\" height=\"1849\" srcset=\"https:\/\/www.kinderschloss-st-martin.de\/wp-content\/uploads\/2025\/11\/Team-25-scaled.jpg 2560w, https:\/\/www.kinderschloss-st-martin.de\/wp-content\/uploads\/2025\/11\/Team-25-300x217.jpg 300w, https:\/\/www.kinderschloss-st-martin.de\/wp-content\/uploads\/2025\/11\/Team-25-1024x740.jpg 1024w, https:\/\/www.kinderschloss-st-martin.de\/wp-content\/uploads\/2025\/11\/Team-25-768x555.jpg 768w, https:\/\/www.kinderschloss-st-martin.de\/wp-content\/uploads\/2025\/11\/Team-25-1536x1109.jpg 1536w, https:\/\/www.kinderschloss-st-martin.de\/wp-content\/uploads\/2025\/11\/Team-25-2048x1479.jpg 2048w\" sizes=\"(max-width: 2560px) 100vw, 2560px\" \/><\/span><\/p>\n<p style=\"text-align: center;\"><span style=\"text-decoration: underline; color: #0000ff; font-family: comic sans ms, sans-serif; font-size: 18pt;\">Unser derzeit 9-k\u00f6pfiges Team arbeitet in unserem Kinderschloss in zwei Gruppen:<\/span><\/p>\n<p>&nbsp;<\/p>\n<p style=\"text-align: center;\"><span style=\"text-decoration: underline; color: #000000;\"><span style=\"font-family: trebuchet ms, geneva, sans-serif; font-size: 14pt;\"><strong>In der Sonnengruppe:<\/strong> <\/span><\/span><\/p>\n<p style=\"text-align: center;\"><span style=\"color: #000000; font-family: trebuchet ms, geneva, sans-serif; font-size: 14pt;\">Claudia Bichler, p\u00e4d. Fachkraft, Gruppenleitung und stellvertretende Kindergartenleitung <\/span><span style=\"color: #000000; font-family: 'trebuchet ms', geneva, sans-serif; font-size: 18.6667px;\">(vorne 2.v.l.)<\/span><span style=\"color: #000000; font-family: trebuchet ms, geneva, sans-serif; font-size: 14pt;\">, <\/span><span style=\"color: #000000; font-family: 'trebuchet ms', geneva, sans-serif; font-size: 18.6667px;\">Alexandra Jackl, p\u00e4d. Fachkraft im Anerkennungsjahr (hinten 1.v.r.) und<\/span><\/p>\n<p style=\"text-align: center;\"><span style=\"color: #000000; font-family: 'trebuchet ms', geneva, sans-serif; font-size: 14pt;\">Martina Hinterseher, Quereinsteigerin zur p\u00e4d. Erg\u00e4nzungskraft (vorne 1.v.l.)\u00a0<\/span><\/p>\n<p style=\"text-align: center;\"><span style=\"text-decoration: underline; color: #000000;\"><span style=\"font-family: trebuchet ms, geneva, sans-serif; font-size: 14pt;\"><strong>In der Mondgruppe:<\/strong><\/span><\/span><\/p>\n<p style=\"text-align: center;\"><span style=\"color: #000000; font-family: trebuchet ms, geneva, sans-serif; font-size: 14pt;\"><span style=\"font-size: 18.6667px;\">Franziska Veicht-Stieb, p\u00e4d. Fachkraft und Gruppenleitung (vorne 1.v.r.), <\/span><\/span><span style=\"color: #000000; font-family: 'trebuchet ms', geneva, sans-serif; font-size: 18.6667px;\">Claudia Reindel-P\u00f6hler, p\u00e4d. Erg\u00e4nzungskraft (hinten 3.v.r.),<\/span><\/p>\n<p style=\"text-align: center;\"><span style=\"color: #000000; font-family: 'trebuchet ms', geneva, sans-serif; font-size: 18.6667px;\">Sophie Braun, p\u00e4d. Fachkraft im Anerkennungsjahr<\/span><span style=\"color: #000000; font-family: 'trebuchet ms', geneva, sans-serif; font-size: 14pt;\"> (hinten, 2.v.r.) <\/span><span style=\"color: #000000; font-family: 'trebuchet ms', geneva, sans-serif; font-size: 18.6667px;\">und<\/span><span style=\"color: #000000; font-family: 'trebuchet ms', geneva, sans-serif; font-size: 18.6667px;\"> <span style=\"color: #000000; font-family: trebuchet ms, geneva, sans-serif; font-size: 14pt;\">Christiane Dallmayer, p\u00e4d. Fachkraft (hinten 2.v.l.)<\/span><\/span><\/p>\n<p style=\"text-align: center;\"><span style=\"text-decoration: underline; color: #000000;\"><span style=\"font-family: trebuchet ms, geneva, sans-serif; font-size: 14pt;\"><strong>Gruppen\u00fcbergreifend:<\/strong> <\/span><\/span><\/p>\n<p style=\"text-align: center;\"><span style=\"color: #000000; font-family: 'trebuchet ms', geneva, sans-serif; font-size: 14pt;\">Monika H\u00f6fer, Kindergartenleitung (hinten 3.v.l.) sowie in Teilzeit <\/span><span style=\"color: #000000; font-family: trebuchet ms, geneva, sans-serif; font-size: 14pt;\">Tanja Scheffler, Dipl.-Soz.p\u00e4d. (vorne 2.v.r.)\u00a0<\/span><\/p>\n<p>&nbsp;<\/p>\n<p>&nbsp;<\/p>\n<p>&nbsp;<\/p>\n<p>&nbsp;<\/p>\n<p>&nbsp;<\/p>\n","protected":false},"excerpt":{"rendered":"<p>Unser derzeit 9-k\u00f6pfiges Team arbeitet in unserem Kinderschloss in zwei Gruppen: &nbsp; In der Sonnengruppe: Claudia Bichler, p\u00e4d. Fachkraft, Gruppenleitung und stellvertretende Kindergartenleitung (vorne 2.v.l.), Alexandra Jackl, p\u00e4d. Fachkraft im Anerkennungsjahr (hinten 1.v.r.) und Martina Hinterseher, Quereinsteigerin zur p\u00e4d. Erg\u00e4nzungskraft (vorne 1.v.l.)\u00a0 In der Mondgruppe: Franziska Veicht-Stieb, p\u00e4d. Fachkraft und Gruppenleitung (vorne 1.v.r.), Claudia Reindel-P\u00f6hler, [&hellip;]<\/p>\n","protected":false},"author":1,"featured_media":0,"parent":2,"menu_order":1,"comment_status":"closed","ping_status":"closed","template":"","meta":[],"_links":{"self":[{"href":"https:\/\/www.kinderschloss-st-martin.de\/index.php?rest_route=\/wp\/v2\/pages\/53"}],"collection":[{"href":"https:\/\/www.kinderschloss-st-martin.de\/index.php?rest_route=\/wp\/v2\/pages"}],"about":[{"href":"https:\/\/www.kinderschloss-st-martin.de\/index.php?rest_route=\/wp\/v2\/types\/page"}],"author":[{"embeddable":true,"href":"https:\/\/www.kinderschloss-st-martin.de\/index.php?rest_route=\/wp\/v2\/users\/1"}],"replies":[{"embeddable":true,"href":"https:\/\/www.kinderschloss-st-martin.de\/index.php?rest_route=%2Fwp%2Fv2%2Fcomments&post=53"}],"version-history":[{"count":34,"href":"https:\/\/www.kinderschloss-st-martin.de\/index.php?rest_route=\/wp\/v2\/pages\/53\/revisions"}],"predecessor-version":[{"id":628,"href":"https:\/\/www.kinderschloss-st-martin.de\/index.php?rest_route=\/wp\/v2\/pages\/53\/revisions\/628"}],"up":[{"embeddable":true,"href":"https:\/\/www.kinderschloss-st-martin.de\/index.php?rest_route=\/wp\/v2\/pages\/2"}],"wp:attachment":[{"href":"https:\/\/www.kinderschloss-st-martin.de\/index.php?rest_route=%2Fwp%2Fv2%2Fmedia&parent=53"}],"curies":[{"name":"wp","href":"https:\/\/api.w.org\/{rel}","templated":true}]}}