{"id":51,"date":"2018-10-11T08:25:53","date_gmt":"2018-10-11T08:25:53","guid":{"rendered":"http:\/\/www.kinderschloss-st-martin.de\/?page_id=51"},"modified":"2020-04-21T16:36:07","modified_gmt":"2020-04-21T16:36:07","slug":"fruehstuecksbuffet","status":"publish","type":"page","link":"https:\/\/www.kinderschloss-st-martin.de\/?page_id=51","title":{"rendered":"Fr\u00fchst\u00fccksbuffet"},"content":{"rendered":"<h1 style=\"text-align: center;\"><span style=\"text-decoration: underline; font-family: comic sans ms, sans-serif;\"><span style=\"color: #0000ff; text-decoration: underline;\">&#8222;Freitag\u00b4s ist unser Buffet-Tag!&#8220;<\/span><\/span><\/h1>\n<p><span style=\"font-family: georgia, palatino, serif;\">Jede Familie \u00fcbernimmt einmal im Jahr den Einkauf f\u00fcr das Fr\u00fchst\u00fccksbuffet, das jeden Freitag stattfindet. Gemeinsam mit einer p\u00e4d. Mitarbeiterin wird dann in der K\u00fcche flei\u00dfig &#8222;geschnippelt und sch\u00f6n angerichtet&#8220;.<\/span><\/p>\n<p>&nbsp;<\/p>\n<p><img decoding=\"async\" loading=\"lazy\" class=\"wp-image-126 aligncenter\" src=\"http:\/\/www.kinderschloss-st-martin.de\/wp-content\/uploads\/2018\/10\/Fr\u00fcb\u00fc-5.jpg\" alt=\"\" width=\"404\" height=\"303\" srcset=\"https:\/\/www.kinderschloss-st-martin.de\/wp-content\/uploads\/2018\/10\/Fr\u00fcb\u00fc-5.jpg 516w, https:\/\/www.kinderschloss-st-martin.de\/wp-content\/uploads\/2018\/10\/Fr\u00fcb\u00fc-5-300x225.jpg 300w\" sizes=\"(max-width: 404px) 100vw, 404px\" \/><\/p>\n<p>&nbsp;<\/p>\n<p><img decoding=\"async\" loading=\"lazy\" class=\"aligncenter wp-image-404 size-full\" src=\"http:\/\/www.kinderschloss-st-martin.de\/wp-content\/uploads\/2020\/04\/Fr\u00fcb\u00fc-3-e15874866799244.jpg\" alt=\"\" width=\"387\" height=\"516\" srcset=\"https:\/\/www.kinderschloss-st-martin.de\/wp-content\/uploads\/2020\/04\/Fr\u00fcb\u00fc-3-e15874866799244.jpg 387w, https:\/\/www.kinderschloss-st-martin.de\/wp-content\/uploads\/2020\/04\/Fr\u00fcb\u00fc-3-e15874866799244-225x300.jpg 225w\" sizes=\"(max-width: 387px) 100vw, 387px\" \/><\/p>\n<p><img decoding=\"async\" loading=\"lazy\" class=\"wp-image-276 aligncenter\" src=\"http:\/\/www.kinderschloss-st-martin.de\/wp-content\/uploads\/2020\/03\/Fr\u00fcb\u00fc-6.jpg\" alt=\"\" width=\"428\" height=\"321\" srcset=\"https:\/\/www.kinderschloss-st-martin.de\/wp-content\/uploads\/2020\/03\/Fr\u00fcb\u00fc-6.jpg 516w, https:\/\/www.kinderschloss-st-martin.de\/wp-content\/uploads\/2020\/03\/Fr\u00fcb\u00fc-6-300x225.jpg 300w\" sizes=\"(max-width: 428px) 100vw, 428px\" \/><\/p>\n<p><img decoding=\"async\" loading=\"lazy\" class=\"aligncenter wp-image-121 size-medium\" src=\"http:\/\/www.kinderschloss-st-martin.de\/wp-content\/uploads\/2018\/10\/Fr\u00fcb\u00fc-e1585035933377-225x300.jpg\" alt=\"\" width=\"225\" height=\"300\" srcset=\"https:\/\/www.kinderschloss-st-martin.de\/wp-content\/uploads\/2018\/10\/Fr\u00fcb\u00fc-e1585035933377-225x300.jpg 225w, https:\/\/www.kinderschloss-st-martin.de\/wp-content\/uploads\/2018\/10\/Fr\u00fcb\u00fc-e1585035933377.jpg 440w\" sizes=\"(max-width: 225px) 100vw, 225px\" \/><\/p>\n","protected":false},"excerpt":{"rendered":"<p>&#8222;Freitag\u00b4s ist unser Buffet-Tag!&#8220; Jede Familie \u00fcbernimmt einmal im Jahr den Einkauf f\u00fcr das Fr\u00fchst\u00fccksbuffet, das jeden Freitag stattfindet. Gemeinsam mit einer p\u00e4d. Mitarbeiterin wird dann in der K\u00fcche flei\u00dfig &#8222;geschnippelt und sch\u00f6n angerichtet&#8220;. &nbsp; &nbsp;<\/p>\n","protected":false},"author":1,"featured_media":0,"parent":27,"menu_order":2,"comment_status":"closed","ping_status":"closed","template":"","meta":[],"_links":{"self":[{"href":"https:\/\/www.kinderschloss-st-martin.de\/index.php?rest_route=\/wp\/v2\/pages\/51"}],"collection":[{"href":"https:\/\/www.kinderschloss-st-martin.de\/index.php?rest_route=\/wp\/v2\/pages"}],"about":[{"href":"https:\/\/www.kinderschloss-st-martin.de\/index.php?rest_route=\/wp\/v2\/types\/page"}],"author":[{"embeddable":true,"href":"https:\/\/www.kinderschloss-st-martin.de\/index.php?rest_route=\/wp\/v2\/users\/1"}],"replies":[{"embeddable":true,"href":"https:\/\/www.kinderschloss-st-martin.de\/index.php?rest_route=%2Fwp%2Fv2%2Fcomments&post=51"}],"version-history":[{"count":12,"href":"https:\/\/www.kinderschloss-st-martin.de\/index.php?rest_route=\/wp\/v2\/pages\/51\/revisions"}],"predecessor-version":[{"id":405,"href":"https:\/\/www.kinderschloss-st-martin.de\/index.php?rest_route=\/wp\/v2\/pages\/51\/revisions\/405"}],"up":[{"embeddable":true,"href":"https:\/\/www.kinderschloss-st-martin.de\/index.php?rest_route=\/wp\/v2\/pages\/27"}],"wp:attachment":[{"href":"https:\/\/www.kinderschloss-st-martin.de\/index.php?rest_route=%2Fwp%2Fv2%2Fmedia&parent=51"}],"curies":[{"name":"wp","href":"https:\/\/api.w.org\/{rel}","templated":true}]}}