{"id":25,"date":"2018-06-28T12:57:57","date_gmt":"2018-06-28T12:57:57","guid":{"rendered":"http:\/\/www.kinderschloss-st-martin.de\/?page_id=25"},"modified":"2021-02-08T20:20:30","modified_gmt":"2021-02-08T20:20:30","slug":"mondgruppe","status":"publish","type":"page","link":"https:\/\/www.kinderschloss-st-martin.de\/?page_id=25","title":{"rendered":"Mondgruppe"},"content":{"rendered":"<p><img decoding=\"async\" loading=\"lazy\" class=\"aligncenter wp-image-419 size-full\" src=\"http:\/\/www.kinderschloss-st-martin.de\/wp-content\/uploads\/2021\/02\/Mondhoch1.jpg\" alt=\"\" width=\"330\" height=\"440\" srcset=\"https:\/\/www.kinderschloss-st-martin.de\/wp-content\/uploads\/2021\/02\/Mondhoch1.jpg 330w, https:\/\/www.kinderschloss-st-martin.de\/wp-content\/uploads\/2021\/02\/Mondhoch1-225x300.jpg 225w\" sizes=\"(max-width: 330px) 100vw, 330px\" \/><\/p>\n<p style=\"text-align: center;\"><span style=\"font-family: comic sans ms, sans-serif; color: #0000ff; font-size: 14pt;\">Die Mondgruppe bietet Platz <img decoding=\"async\" loading=\"lazy\" class=\"wp-image-286 alignleft\" src=\"http:\/\/www.kinderschloss-st-martin.de\/wp-content\/uploads\/2020\/03\/Mond-Kinderwohnung.jpg\" alt=\"\" width=\"317\" height=\"238\" srcset=\"https:\/\/www.kinderschloss-st-martin.de\/wp-content\/uploads\/2020\/03\/Mond-Kinderwohnung.jpg 586w, https:\/\/www.kinderschloss-st-martin.de\/wp-content\/uploads\/2020\/03\/Mond-Kinderwohnung-300x225.jpg 300w\" sizes=\"(max-width: 317px) 100vw, 317px\" \/>f\u00fcr 25 Kinder. Ihnen stehen verschiedene Spielecken und eine Spielgalerie zur Verf\u00fcgung, die je nach Bedarf und W\u00fcnsche der Kinder ver\u00e4ndert und umgebaut werden k\u00f6nnen!<\/span><\/p>\n<p>&nbsp;<\/p>\n<p>&nbsp;<\/p>\n<p>&nbsp;<\/p>\n<p><img decoding=\"async\" loading=\"lazy\" class=\"wp-image-296 alignnone\" src=\"http:\/\/www.kinderschloss-st-martin.de\/wp-content\/uploads\/2020\/03\/Spielgalerie.jpg\" alt=\"\" width=\"299\" height=\"224\" srcset=\"https:\/\/www.kinderschloss-st-martin.de\/wp-content\/uploads\/2020\/03\/Spielgalerie.jpg 587w, https:\/\/www.kinderschloss-st-martin.de\/wp-content\/uploads\/2020\/03\/Spielgalerie-300x225.jpg 300w\" sizes=\"(max-width: 299px) 100vw, 299px\" \/><\/p>\n<p><img decoding=\"async\" loading=\"lazy\" class=\" wp-image-303 aligncenter\" src=\"http:\/\/www.kinderschloss-st-martin.de\/wp-content\/uploads\/2020\/03\/Mondgruppe-3.jpg\" alt=\"\" width=\"478\" height=\"358\" srcset=\"https:\/\/www.kinderschloss-st-martin.de\/wp-content\/uploads\/2020\/03\/Mondgruppe-3.jpg 587w, https:\/\/www.kinderschloss-st-martin.de\/wp-content\/uploads\/2020\/03\/Mondgruppe-3-300x225.jpg 300w\" sizes=\"(max-width: 478px) 100vw, 478px\" \/><\/p>\n","protected":false},"excerpt":{"rendered":"<p>Die Mondgruppe bietet Platz f\u00fcr 25 Kinder. Ihnen stehen verschiedene Spielecken und eine Spielgalerie zur Verf\u00fcgung, die je nach Bedarf und W\u00fcnsche der Kinder ver\u00e4ndert und umgebaut werden k\u00f6nnen! &nbsp; &nbsp; &nbsp;<\/p>\n","protected":false},"author":1,"featured_media":0,"parent":19,"menu_order":3,"comment_status":"closed","ping_status":"closed","template":"","meta":[],"_links":{"self":[{"href":"https:\/\/www.kinderschloss-st-martin.de\/index.php?rest_route=\/wp\/v2\/pages\/25"}],"collection":[{"href":"https:\/\/www.kinderschloss-st-martin.de\/index.php?rest_route=\/wp\/v2\/pages"}],"about":[{"href":"https:\/\/www.kinderschloss-st-martin.de\/index.php?rest_route=\/wp\/v2\/types\/page"}],"author":[{"embeddable":true,"href":"https:\/\/www.kinderschloss-st-martin.de\/index.php?rest_route=\/wp\/v2\/users\/1"}],"replies":[{"embeddable":true,"href":"https:\/\/www.kinderschloss-st-martin.de\/index.php?rest_route=%2Fwp%2Fv2%2Fcomments&post=25"}],"version-history":[{"count":13,"href":"https:\/\/www.kinderschloss-st-martin.de\/index.php?rest_route=\/wp\/v2\/pages\/25\/revisions"}],"predecessor-version":[{"id":310,"href":"https:\/\/www.kinderschloss-st-martin.de\/index.php?rest_route=\/wp\/v2\/pages\/25\/revisions\/310"}],"up":[{"embeddable":true,"href":"https:\/\/www.kinderschloss-st-martin.de\/index.php?rest_route=\/wp\/v2\/pages\/19"}],"wp:attachment":[{"href":"https:\/\/www.kinderschloss-st-martin.de\/index.php?rest_route=%2Fwp%2Fv2%2Fmedia&parent=25"}],"curies":[{"name":"wp","href":"https:\/\/api.w.org\/{rel}","templated":true}]}}