{"id":19,"date":"2018-06-28T12:53:21","date_gmt":"2018-06-28T12:53:21","guid":{"rendered":"http:\/\/www.kinderschloss-st-martin.de\/?page_id=19"},"modified":"2020-04-16T09:33:07","modified_gmt":"2020-04-16T09:33:07","slug":"unser-haus-unsere-raeume","status":"publish","type":"page","link":"https:\/\/www.kinderschloss-st-martin.de\/?page_id=19","title":{"rendered":"Unser Haus, unsere R\u00e4ume"},"content":{"rendered":"<p><span style=\"font-family: comic sans ms,sans-serif; font-size: 14pt; color: #0000ff;\">\u00a0 Unser Kinderschloss bietet Platz f\u00fcr zwei Kindergartengruppen mit je 25 Kindern. Eine gro\u00dfe Turnhalle bietet den Kindern die M\u00f6glichkeit, sich frei zu bewegen und auszutoben. Zus\u00e4tzlich kommen die Kinder in den Genuss eines riesengro\u00dfen Gartens mit Schaukel, einem Kletterger\u00fcst mit Rutschbahn, zwei gro\u00dfen Sandk\u00e4sten und einem Wasserlauf. Unsere Terrasse und der gepflasterte Weg durch den Garten bietet gen\u00fcgend Platz, um mit den Fahrzeugen zu fahren.<\/span><\/p>\n<p><img decoding=\"async\" loading=\"lazy\" class=\"aligncenter size-medium wp-image-254\" src=\"http:\/\/www.kinderschloss-st-martin.de\/wp-content\/uploads\/2019\/02\/PICT0027-e1550223343378-300x239.jpg\" alt=\"\" width=\"300\" height=\"239\" srcset=\"https:\/\/www.kinderschloss-st-martin.de\/wp-content\/uploads\/2019\/02\/PICT0027-e1550223343378-300x239.jpg 300w, https:\/\/www.kinderschloss-st-martin.de\/wp-content\/uploads\/2019\/02\/PICT0027-e1550223343378-768x613.jpg 768w, https:\/\/www.kinderschloss-st-martin.de\/wp-content\/uploads\/2019\/02\/PICT0027-e1550223343378-1024x817.jpg 1024w, https:\/\/www.kinderschloss-st-martin.de\/wp-content\/uploads\/2019\/02\/PICT0027-e1550223343378.jpg 2021w\" sizes=\"(max-width: 300px) 100vw, 300px\" \/><\/p>\n<p><img decoding=\"async\" loading=\"lazy\" class=\"aligncenter size-medium wp-image-255\" src=\"http:\/\/www.kinderschloss-st-martin.de\/wp-content\/uploads\/2019\/02\/PICT0077-300x222.jpg\" alt=\"\" width=\"300\" height=\"222\" srcset=\"https:\/\/www.kinderschloss-st-martin.de\/wp-content\/uploads\/2019\/02\/PICT0077-300x222.jpg 300w, https:\/\/www.kinderschloss-st-martin.de\/wp-content\/uploads\/2019\/02\/PICT0077-768x568.jpg 768w, https:\/\/www.kinderschloss-st-martin.de\/wp-content\/uploads\/2019\/02\/PICT0077-1024x757.jpg 1024w\" sizes=\"(max-width: 300px) 100vw, 300px\" \/><\/p>\n<p><img decoding=\"async\" loading=\"lazy\" class=\"wp-image-391 aligncenter\" src=\"http:\/\/www.kinderschloss-st-martin.de\/wp-content\/uploads\/2020\/04\/GartenWasserbahn.jpg\" alt=\"\" width=\"396\" height=\"297\" srcset=\"https:\/\/www.kinderschloss-st-martin.de\/wp-content\/uploads\/2020\/04\/GartenWasserbahn.jpg 660w, https:\/\/www.kinderschloss-st-martin.de\/wp-content\/uploads\/2020\/04\/GartenWasserbahn-300x225.jpg 300w\" sizes=\"(max-width: 396px) 100vw, 396px\" \/><\/p>\n<p><img decoding=\"async\" loading=\"lazy\" class=\"wp-image-389 aligncenter\" src=\"http:\/\/www.kinderschloss-st-martin.de\/wp-content\/uploads\/2020\/04\/GartenL\u00f6we.jpg\" alt=\"\" width=\"310\" height=\"233\" srcset=\"https:\/\/www.kinderschloss-st-martin.de\/wp-content\/uploads\/2020\/04\/GartenL\u00f6we.jpg 660w, https:\/\/www.kinderschloss-st-martin.de\/wp-content\/uploads\/2020\/04\/GartenL\u00f6we-300x225.jpg 300w\" sizes=\"(max-width: 310px) 100vw, 310px\" \/><\/p>\n<p><img decoding=\"async\" loading=\"lazy\" class=\"aligncenter wp-image-393\" src=\"http:\/\/www.kinderschloss-st-martin.de\/wp-content\/uploads\/2020\/04\/Garten1-1.jpg\" alt=\"\" width=\"489\" height=\"367\" srcset=\"https:\/\/www.kinderschloss-st-martin.de\/wp-content\/uploads\/2020\/04\/Garten1-1.jpg 660w, https:\/\/www.kinderschloss-st-martin.de\/wp-content\/uploads\/2020\/04\/Garten1-1-300x225.jpg 300w\" sizes=\"(max-width: 489px) 100vw, 489px\" \/><\/p>\n<p>&nbsp;<\/p>\n<p>&nbsp;<\/p>\n","protected":false},"excerpt":{"rendered":"<p>\u00a0 Unser Kinderschloss bietet Platz f\u00fcr zwei Kindergartengruppen mit je 25 Kindern. Eine gro\u00dfe Turnhalle bietet den Kindern die M\u00f6glichkeit, sich frei zu bewegen und auszutoben. Zus\u00e4tzlich kommen die Kinder in den Genuss eines riesengro\u00dfen Gartens mit Schaukel, einem Kletterger\u00fcst mit Rutschbahn, zwei gro\u00dfen Sandk\u00e4sten und einem Wasserlauf. Unsere Terrasse und der gepflasterte Weg durch [&hellip;]<\/p>\n","protected":false},"author":1,"featured_media":0,"parent":2,"menu_order":1,"comment_status":"closed","ping_status":"closed","template":"","meta":[],"_links":{"self":[{"href":"https:\/\/www.kinderschloss-st-martin.de\/index.php?rest_route=\/wp\/v2\/pages\/19"}],"collection":[{"href":"https:\/\/www.kinderschloss-st-martin.de\/index.php?rest_route=\/wp\/v2\/pages"}],"about":[{"href":"https:\/\/www.kinderschloss-st-martin.de\/index.php?rest_route=\/wp\/v2\/types\/page"}],"author":[{"embeddable":true,"href":"https:\/\/www.kinderschloss-st-martin.de\/index.php?rest_route=\/wp\/v2\/users\/1"}],"replies":[{"embeddable":true,"href":"https:\/\/www.kinderschloss-st-martin.de\/index.php?rest_route=%2Fwp%2Fv2%2Fcomments&post=19"}],"version-history":[{"count":8,"href":"https:\/\/www.kinderschloss-st-martin.de\/index.php?rest_route=\/wp\/v2\/pages\/19\/revisions"}],"predecessor-version":[{"id":399,"href":"https:\/\/www.kinderschloss-st-martin.de\/index.php?rest_route=\/wp\/v2\/pages\/19\/revisions\/399"}],"up":[{"embeddable":true,"href":"https:\/\/www.kinderschloss-st-martin.de\/index.php?rest_route=\/wp\/v2\/pages\/2"}],"wp:attachment":[{"href":"https:\/\/www.kinderschloss-st-martin.de\/index.php?rest_route=%2Fwp%2Fv2%2Fmedia&parent=19"}],"curies":[{"name":"wp","href":"https:\/\/api.w.org\/{rel}","templated":true}]}}