{"id":156,"date":"2018-10-26T07:47:47","date_gmt":"2018-10-26T07:47:47","guid":{"rendered":"http:\/\/www.kinderschloss-st-martin.de\/?page_id=156"},"modified":"2020-04-08T08:41:11","modified_gmt":"2020-04-08T08:41:11","slug":"unsere-turnhalle","status":"publish","type":"page","link":"https:\/\/www.kinderschloss-st-martin.de\/?page_id=156","title":{"rendered":"Unsere Turnhalle"},"content":{"rendered":"<p><span style=\"font-family: comic sans ms, sans-serif; color: #0000ff;\">Im Keller unseres Kinderschlosses befindet sich eine gro\u00dfe Turnhalle die die Kinder t\u00e4glich nutzen k\u00f6nnen um ihrem Bewegungsdrang freien Lauf zu lassen! Zus\u00e4tzlich finden in regelm\u00e4\u00dfigen Einheiten angeleitete Bewegungsstunden statt, damit die Entwicklung der Motorik nicht zu kurz kommt!<\/span><\/p>\n<p><img decoding=\"async\" loading=\"lazy\" class=\"wp-image-324 aligncenter\" src=\"http:\/\/www.kinderschloss-st-martin.de\/wp-content\/uploads\/2020\/03\/DSC08468-scaled-e1585640591168.jpg\" alt=\"\" width=\"447\" height=\"335\" \/><\/p>\n<p><img decoding=\"async\" loading=\"lazy\" class=\"wp-image-323 aligncenter\" src=\"http:\/\/www.kinderschloss-st-martin.de\/wp-content\/uploads\/2020\/03\/DSC08461-scaled-e1585640605700.jpg\" alt=\"\" width=\"443\" height=\"332\" \/><\/p>\n<p><img decoding=\"async\" loading=\"lazy\" class=\"wp-image-322 aligncenter\" src=\"http:\/\/www.kinderschloss-st-martin.de\/wp-content\/uploads\/2020\/03\/DSC08459-scaled-e1585640368588.jpg\" alt=\"\" width=\"451\" height=\"338\" \/><\/p>\n<p><img decoding=\"async\" loading=\"lazy\" class=\"wp-image-321 aligncenter\" src=\"http:\/\/www.kinderschloss-st-martin.de\/wp-content\/uploads\/2020\/03\/DSC08868-scaled-e1585640060681.jpg\" alt=\"\" width=\"395\" height=\"296\" \/><\/p>\n<p><img decoding=\"async\" loading=\"lazy\" class=\"wp-image-320 aligncenter\" src=\"http:\/\/www.kinderschloss-st-martin.de\/wp-content\/uploads\/2020\/03\/DSC08869-scaled-e1585639946161.jpg\" alt=\"\" width=\"423\" height=\"317\" \/><\/p>\n","protected":false},"excerpt":{"rendered":"<p>Im Keller unseres Kinderschlosses befindet sich eine gro\u00dfe Turnhalle die die Kinder t\u00e4glich nutzen k\u00f6nnen um ihrem Bewegungsdrang freien Lauf zu lassen! Zus\u00e4tzlich finden in regelm\u00e4\u00dfigen Einheiten angeleitete Bewegungsstunden statt, damit die Entwicklung der Motorik nicht zu kurz kommt!<\/p>\n","protected":false},"author":1,"featured_media":0,"parent":19,"menu_order":3,"comment_status":"closed","ping_status":"closed","template":"","meta":[],"_links":{"self":[{"href":"https:\/\/www.kinderschloss-st-martin.de\/index.php?rest_route=\/wp\/v2\/pages\/156"}],"collection":[{"href":"https:\/\/www.kinderschloss-st-martin.de\/index.php?rest_route=\/wp\/v2\/pages"}],"about":[{"href":"https:\/\/www.kinderschloss-st-martin.de\/index.php?rest_route=\/wp\/v2\/types\/page"}],"author":[{"embeddable":true,"href":"https:\/\/www.kinderschloss-st-martin.de\/index.php?rest_route=\/wp\/v2\/users\/1"}],"replies":[{"embeddable":true,"href":"https:\/\/www.kinderschloss-st-martin.de\/index.php?rest_route=%2Fwp%2Fv2%2Fcomments&post=156"}],"version-history":[{"count":8,"href":"https:\/\/www.kinderschloss-st-martin.de\/index.php?rest_route=\/wp\/v2\/pages\/156\/revisions"}],"predecessor-version":[{"id":325,"href":"https:\/\/www.kinderschloss-st-martin.de\/index.php?rest_route=\/wp\/v2\/pages\/156\/revisions\/325"}],"up":[{"embeddable":true,"href":"https:\/\/www.kinderschloss-st-martin.de\/index.php?rest_route=\/wp\/v2\/pages\/19"}],"wp:attachment":[{"href":"https:\/\/www.kinderschloss-st-martin.de\/index.php?rest_route=%2Fwp%2Fv2%2Fmedia&parent=156"}],"curies":[{"name":"wp","href":"https:\/\/api.w.org\/{rel}","templated":true}]}}