{"id":115,"date":"2018-10-12T09:24:58","date_gmt":"2018-10-12T09:24:58","guid":{"rendered":"http:\/\/www.kinderschloss-st-martin.de\/?page_id=115"},"modified":"2021-03-02T19:05:52","modified_gmt":"2021-03-02T19:05:52","slug":"ausfluegeexkursionen","status":"publish","type":"page","link":"https:\/\/www.kinderschloss-st-martin.de\/?page_id=115","title":{"rendered":"Ausfl\u00fcge &#038; Exkursionen"},"content":{"rendered":"<h1 style=\"text-align: center;\"><span style=\"text-decoration: underline;\"><span style=\"color: #0000ff; font-family: comic sans ms, sans-serif; text-decoration: underline;\">&#8220; Stubenhocker? &#8230;nix da!&#8220;<\/span><\/span><\/h1>\n<p><span style=\"font-family: georgia, palatino, serif; color: #000000;\">&#8230;passend zum Jahreskreis, unseren Projekten oder situationsorientiert an den Interessen der Kinder, machen wir auch Ausfl\u00fcge, z.B:<\/span><\/p>\n<ul>\n<li><span style=\"font-family: georgia, palatino, serif; color: #000000;\">Fahrt ins Theater f\u00fcr Kinder<\/span><\/li>\n<li><span style=\"font-family: georgia, palatino, serif; color: #000000;\">Besuche bei den Kindern zuhause<\/span><\/li>\n<li><span style=\"font-family: georgia, palatino, serif; color: #000000;\">Krippenbesichtigung in der Kirche<\/span><\/li>\n<li><span style=\"font-family: georgia, palatino, serif; color: #000000;\">zur Spielarena<\/span><\/li>\n<li><span style=\"font-family: georgia, palatino, serif; color: #000000;\">ortsans\u00e4ssige Institutionen, Sparkasse, S\u00e4gewerk, Gemeinde&#8230;<\/span><\/li>\n<li><span style=\"font-family: georgia, palatino, serif; color: #000000;\">Bob fahren am Rodelberg<\/span><\/li>\n<li><span style=\"font-family: georgia, palatino, serif; color: #000000;\">Kindermuseum\/ Deutsches Museum<\/span><\/li>\n<li><span style=\"font-family: georgia, palatino, serif; color: #000000;\">Ruhpoldinger M\u00e4rchenpark<\/span><\/li>\n<\/ul>\n","protected":false},"excerpt":{"rendered":"<p>&#8220; Stubenhocker? &#8230;nix da!&#8220; &#8230;passend zum Jahreskreis, unseren Projekten oder situationsorientiert an den Interessen der Kinder, machen wir auch Ausfl\u00fcge, z.B: Fahrt ins Theater f\u00fcr Kinder Besuche bei den Kindern zuhause Krippenbesichtigung in der Kirche zur Spielarena ortsans\u00e4ssige Institutionen, Sparkasse, S\u00e4gewerk, Gemeinde&#8230; Bob fahren am Rodelberg Kindermuseum\/ Deutsches Museum Ruhpoldinger M\u00e4rchenpark<\/p>\n","protected":false},"author":1,"featured_media":0,"parent":27,"menu_order":6,"comment_status":"closed","ping_status":"closed","template":"","meta":[],"_links":{"self":[{"href":"https:\/\/www.kinderschloss-st-martin.de\/index.php?rest_route=\/wp\/v2\/pages\/115"}],"collection":[{"href":"https:\/\/www.kinderschloss-st-martin.de\/index.php?rest_route=\/wp\/v2\/pages"}],"about":[{"href":"https:\/\/www.kinderschloss-st-martin.de\/index.php?rest_route=\/wp\/v2\/types\/page"}],"author":[{"embeddable":true,"href":"https:\/\/www.kinderschloss-st-martin.de\/index.php?rest_route=\/wp\/v2\/users\/1"}],"replies":[{"embeddable":true,"href":"https:\/\/www.kinderschloss-st-martin.de\/index.php?rest_route=%2Fwp%2Fv2%2Fcomments&post=115"}],"version-history":[{"count":9,"href":"https:\/\/www.kinderschloss-st-martin.de\/index.php?rest_route=\/wp\/v2\/pages\/115\/revisions"}],"predecessor-version":[{"id":459,"href":"https:\/\/www.kinderschloss-st-martin.de\/index.php?rest_route=\/wp\/v2\/pages\/115\/revisions\/459"}],"up":[{"embeddable":true,"href":"https:\/\/www.kinderschloss-st-martin.de\/index.php?rest_route=\/wp\/v2\/pages\/27"}],"wp:attachment":[{"href":"https:\/\/www.kinderschloss-st-martin.de\/index.php?rest_route=%2Fwp%2Fv2%2Fmedia&parent=115"}],"curies":[{"name":"wp","href":"https:\/\/api.w.org\/{rel}","templated":true}]}}