{"id":109,"date":"2018-10-12T09:22:43","date_gmt":"2018-10-12T09:22:43","guid":{"rendered":"http:\/\/www.kinderschloss-st-martin.de\/?page_id=109"},"modified":"2023-10-31T10:28:42","modified_gmt":"2023-10-31T10:28:42","slug":"mittagessen","status":"publish","type":"page","link":"https:\/\/www.kinderschloss-st-martin.de\/?page_id=109","title":{"rendered":"Mittagessen"},"content":{"rendered":"<h1 style=\"text-align: center;\"><span style=\"text-decoration: underline;\"><span style=\"color: #0000ff; font-family: comic sans ms, sans-serif; text-decoration: underline;\">&#8222;Mittagessen gemeinsam in der Gruppe erleben&#8230;.&#8220;<\/span><\/span><\/h1>\n<p><span style=\"font-family: comic sans ms, sans-serif;\">Unser Kinderschloss wird t\u00e4glich (au\u00dfer in den Ferien) mit frisch gekochten Speisen von der Firma &#8222;Culinaria&#8220; versorgt. Die Firma hat ihren Sitz in Miesbach und bietet eine ausgewogene Mischkost an. Gemeinsam mit den Kindern wird der Esstisch gedeckt und jedes Kind darf sich seinen Platz selbst aussuchen. Nach einem gemeinsamen Gebet beginnt dann auch ein netter Austausch unter den Kindern, so entsteht auch im Kindergarten eine famili\u00e4re Athmosph\u00e4re am Esstisch. Erlebnisse der Kinder werden untereinander ausgetauscht und l\u00e4sst auch so manche Situation leichter &#8222;verdauen&#8220;.<\/span><\/p>\n<p><span style=\"font-family: comic sans ms, sans-serif;\">Sie haben die M\u00f6glichkeit Ihr Kind fest oder individuell w\u00f6chentlich anzumelden. Der w\u00f6chentliche Speiseplan h\u00e4ngt an der K\u00fcchent\u00fcr und ist so jederzeit einsehbar.<\/span><\/p>\n<p><span style=\"font-family: comic sans ms, sans-serif;\">Ein Mittagessen kostet \u20ac5,00 und wird am Ende des Monats mit dem Kindergartenbeitrag von Ihrem Konto abgebucht!<\/span><\/p>\n","protected":false},"excerpt":{"rendered":"<p>&#8222;Mittagessen gemeinsam in der Gruppe erleben&#8230;.&#8220; Unser Kinderschloss wird t\u00e4glich (au\u00dfer in den Ferien) mit frisch gekochten Speisen von der Firma &#8222;Culinaria&#8220; versorgt. Die Firma hat ihren Sitz in Miesbach und bietet eine ausgewogene Mischkost an. Gemeinsam mit den Kindern wird der Esstisch gedeckt und jedes Kind darf sich seinen Platz selbst aussuchen. Nach einem [&hellip;]<\/p>\n","protected":false},"author":1,"featured_media":0,"parent":27,"menu_order":4,"comment_status":"closed","ping_status":"closed","template":"","meta":[],"_links":{"self":[{"href":"https:\/\/www.kinderschloss-st-martin.de\/index.php?rest_route=\/wp\/v2\/pages\/109"}],"collection":[{"href":"https:\/\/www.kinderschloss-st-martin.de\/index.php?rest_route=\/wp\/v2\/pages"}],"about":[{"href":"https:\/\/www.kinderschloss-st-martin.de\/index.php?rest_route=\/wp\/v2\/types\/page"}],"author":[{"embeddable":true,"href":"https:\/\/www.kinderschloss-st-martin.de\/index.php?rest_route=\/wp\/v2\/users\/1"}],"replies":[{"embeddable":true,"href":"https:\/\/www.kinderschloss-st-martin.de\/index.php?rest_route=%2Fwp%2Fv2%2Fcomments&post=109"}],"version-history":[{"count":10,"href":"https:\/\/www.kinderschloss-st-martin.de\/index.php?rest_route=\/wp\/v2\/pages\/109\/revisions"}],"predecessor-version":[{"id":567,"href":"https:\/\/www.kinderschloss-st-martin.de\/index.php?rest_route=\/wp\/v2\/pages\/109\/revisions\/567"}],"up":[{"embeddable":true,"href":"https:\/\/www.kinderschloss-st-martin.de\/index.php?rest_route=\/wp\/v2\/pages\/27"}],"wp:attachment":[{"href":"https:\/\/www.kinderschloss-st-martin.de\/index.php?rest_route=%2Fwp%2Fv2%2Fmedia&parent=109"}],"curies":[{"name":"wp","href":"https:\/\/api.w.org\/{rel}","templated":true}]}}